{"id":1198,"date":"2019-04-17T16:02:49","date_gmt":"2019-04-17T19:02:49","guid":{"rendered":"https:\/\/fleurdesucre.com.br\/wp2021\/?page_id=1198"},"modified":"2019-05-13T12:20:02","modified_gmt":"2019-05-13T15:20:02","slug":"mapa","status":"publish","type":"page","link":"https:\/\/fleurdesucre.com.br\/wp2021\/mapa\/","title":{"rendered":"Mapa do site"},"content":{"rendered":"<div id=\"dslc-theme-content\"><div id=\"dslc-theme-content-inner\"><p>Fleur<\/p>\n<ul>\n<li><a href=\"https:\/\/fleurdesucre.com.br\/wp2021\/a-fleur\/\">A Chef<\/a><\/li>\n<li><a href=\"https:\/\/fleurdesucre.com.br\/wp2021\/a-fleur\/\">Hist\u00f3ria de Fleur<\/a><\/li>\n<li><a href=\"https:\/\/fleurdesucre.com.br\/wp2021\/a-fleur\/\">O jeito Fleur de Fazer<\/a><\/li>\n<li><a href=\"https:\/\/fleurdesucre.com.br\/wp2021\/a-fleur\/\">Loja<\/a><\/li>\n<\/ul>\n<p>&nbsp;&nbsp;Produtos<\/p>\n<ul>\n<li><a href=\"https:\/\/fleurdesucre.com.br\/wp2021\/bolo-de-fita\/\">Bolo de Fita<\/a><\/li>\n<li><a href=\"https:\/\/fleurdesucre.com.br\/wp2021\/festas\/bolos\/\">Bolos<\/a><\/li>\n<li><a href=\"https:\/\/fleurdesucre.com.br\/wp2021\/festas\/doces\/\">Doces<\/a><\/li>\n<li><a href=\"https:\/\/fleurdesucre.com.br\/wp2021\/festas\/lembrancinhas\/\">Lembrancinhas<\/a><\/li>\n<li><a href=\"https:\/\/fleurdesucre.com.br\/wp2021\/corporativo\/\">Corporativo<\/a><\/li>\n<\/ul>\n<p>Festas<\/p>\n<ul>\n<li><a href=\"https:\/\/fleurdesucre.com.br\/wp2021\/festas\/bolos\/\">Casamento<\/a><\/li>\n<li><a href=\"https:\/\/fleurdesucre.com.br\/wp2021\/festas\/bolos\/\">Ch\u00e1 de Beb\u00ea &amp; Batizado<\/a><\/li>\n<li><a href=\"https:\/\/fleurdesucre.com.br\/wp2021\/festas\/bolos\/\">Anivers\u00e1rio Infantil<\/a><\/li>\n<li><a href=\"https:\/\/fleurdesucre.com.br\/wp2021\/festas\/bolos\/\">Anivers\u00e1rio Adulto<\/a><\/li>\n<\/ul>\n<h4>&nbsp;<\/h4>\n<p>&nbsp;Contato<\/p>\n<ul>\n<li><a href=\"https:\/\/api.whatsapp.com\/send?phone=5511993822182&amp;text=Ol%C3%A1\">WhatsApp: 11 99382.2182<\/a><\/li>\n<li>11 3078 3082<\/li>\n<li>contato@fleurdesucre.com.br<\/li>\n<li>Rua da Mata, 191, Itaim Bibi<br \/>\nS\u00e3o Paulo<\/li>\n<\/ul>\n<\/div><\/div>","protected":false},"excerpt":{"rendered":"<p>Fleur A Chef Hist\u00f3ria de Fleur O jeito Fleur de Fazer Loja &nbsp;&nbsp;Produtos Bolo de Fita Bolos Doces Lembrancinhas Corporativo Festas Casamento Ch\u00e1 de Beb\u00ea &amp; Batizado Anivers\u00e1rio Infantil Anivers\u00e1rio Adulto &nbsp; &nbsp;Contato WhatsApp: 11 99382.2182 11 3078 3082 contato@fleurdesucre.com.br Rua da Mata, 191, Itaim Bibi S\u00e3o Paulo<\/p>\n","protected":false},"author":5,"featured_media":0,"parent":0,"menu_order":0,"comment_status":"closed","ping_status":"closed","template":"","meta":{"_joinchat":[],"footnotes":""},"class_list":["post-1198","page","type-page","status-publish","hentry"],"yoast_head":"<!-- This site is optimized with the Yoast SEO plugin v27.4 - https:\/\/yoast.com\/product\/yoast-seo-wordpress\/ -->\n<title>Mapa do site - Fleur De Sucre - Navegue por nosso site<\/title>\n<meta name=\"description\" content=\"Mapa do site Fleur de Sucre, aqui voc\u00ea encontra todas as p\u00e1ginas navegav\u00e9is de nosso site. Entre na sua p\u00e1gina de prefer\u00eancia e seja bem vindo a Fleur.\" \/>\n<meta name=\"robots\" content=\"index, follow, max-snippet:-1, max-image-preview:large, max-video-preview:-1\" \/>\n<link rel=\"canonical\" href=\"https:\/\/fleurdesucre.com.br\/wp2021\/mapa\/\" \/>\n<meta property=\"og:locale\" content=\"pt_BR\" \/>\n<meta property=\"og:type\" content=\"article\" \/>\n<meta property=\"og:title\" content=\"Mapa do site - Fleur De Sucre - Navegue por nosso site\" \/>\n<meta property=\"og:description\" content=\"Mapa do site Fleur de Sucre, aqui voc\u00ea encontra todas as p\u00e1ginas navegav\u00e9is de nosso site. Entre na sua p\u00e1gina de prefer\u00eancia e seja bem vindo a Fleur.\" \/>\n<meta property=\"og:url\" content=\"https:\/\/fleurdesucre.com.br\/wp2021\/mapa\/\" \/>\n<meta property=\"og:site_name\" content=\"Fleur De Sucre\" \/>\n<meta property=\"article:modified_time\" content=\"2019-05-13T15:20:02+00:00\" \/>\n<meta name=\"twitter:card\" content=\"summary_large_image\" \/>\n<script type=\"application\/ld+json\" class=\"yoast-schema-graph\">{\"@context\":\"https:\\\/\\\/schema.org\",\"@graph\":[{\"@type\":\"WebPage\",\"@id\":\"https:\\\/\\\/fleurdesucre.com.br\\\/wp2021\\\/mapa\\\/\",\"url\":\"https:\\\/\\\/fleurdesucre.com.br\\\/wp2021\\\/mapa\\\/\",\"name\":\"Mapa do site - Fleur De Sucre - Navegue por nosso site\",\"isPartOf\":{\"@id\":\"https:\\\/\\\/fleurdesucre.com.br\\\/wp2021\\\/#website\"},\"datePublished\":\"2019-04-17T19:02:49+00:00\",\"dateModified\":\"2019-05-13T15:20:02+00:00\",\"description\":\"Mapa do site Fleur de Sucre, aqui voc\u00ea encontra todas as p\u00e1ginas navegav\u00e9is de nosso site. Entre na sua p\u00e1gina de prefer\u00eancia e seja bem vindo a Fleur.\",\"breadcrumb\":{\"@id\":\"https:\\\/\\\/fleurdesucre.com.br\\\/wp2021\\\/mapa\\\/#breadcrumb\"},\"inLanguage\":\"pt-BR\",\"potentialAction\":[{\"@type\":\"ReadAction\",\"target\":[\"https:\\\/\\\/fleurdesucre.com.br\\\/wp2021\\\/mapa\\\/\"]}]},{\"@type\":\"BreadcrumbList\",\"@id\":\"https:\\\/\\\/fleurdesucre.com.br\\\/wp2021\\\/mapa\\\/#breadcrumb\",\"itemListElement\":[{\"@type\":\"ListItem\",\"position\":1,\"name\":\"In\u00edcio\",\"item\":\"https:\\\/\\\/fleurdesucre.com.br\\\/wp2021\\\/\"},{\"@type\":\"ListItem\",\"position\":2,\"name\":\"Mapa do site\"}]},{\"@type\":\"WebSite\",\"@id\":\"https:\\\/\\\/fleurdesucre.com.br\\\/wp2021\\\/#website\",\"url\":\"https:\\\/\\\/fleurdesucre.com.br\\\/wp2021\\\/\",\"name\":\"Fleur De Sucre\",\"description\":\"P\u00e2tisserie\",\"publisher\":{\"@id\":\"https:\\\/\\\/fleurdesucre.com.br\\\/wp2021\\\/#organization\"},\"potentialAction\":[{\"@type\":\"SearchAction\",\"target\":{\"@type\":\"EntryPoint\",\"urlTemplate\":\"https:\\\/\\\/fleurdesucre.com.br\\\/wp2021\\\/?s={search_term_string}\"},\"query-input\":{\"@type\":\"PropertyValueSpecification\",\"valueRequired\":true,\"valueName\":\"search_term_string\"}}],\"inLanguage\":\"pt-BR\"},{\"@type\":\"Organization\",\"@id\":\"https:\\\/\\\/fleurdesucre.com.br\\\/wp2021\\\/#organization\",\"name\":\"Fleur De Sucre\",\"url\":\"https:\\\/\\\/fleurdesucre.com.br\\\/wp2021\\\/\",\"logo\":{\"@type\":\"ImageObject\",\"inLanguage\":\"pt-BR\",\"@id\":\"https:\\\/\\\/fleurdesucre.com.br\\\/wp2021\\\/#\\\/schema\\\/logo\\\/image\\\/\",\"url\":\"https:\\\/\\\/fleurdesucre.com.br\\\/wp2021\\\/wp-content\\\/uploads\\\/2021\\\/06\\\/cropped-Logo-footer.png\",\"contentUrl\":\"https:\\\/\\\/fleurdesucre.com.br\\\/wp2021\\\/wp-content\\\/uploads\\\/2021\\\/06\\\/cropped-Logo-footer.png\",\"width\":287,\"height\":287,\"caption\":\"Fleur De Sucre\"},\"image\":{\"@id\":\"https:\\\/\\\/fleurdesucre.com.br\\\/wp2021\\\/#\\\/schema\\\/logo\\\/image\\\/\"}}]}<\/script>\n<!-- \/ Yoast SEO plugin. -->","yoast_head_json":{"title":"Mapa do site - Fleur De Sucre - Navegue por nosso site","description":"Mapa do site Fleur de Sucre, aqui voc\u00ea encontra todas as p\u00e1ginas navegav\u00e9is de nosso site. Entre na sua p\u00e1gina de prefer\u00eancia e seja bem vindo a Fleur.","robots":{"index":"index","follow":"follow","max-snippet":"max-snippet:-1","max-image-preview":"max-image-preview:large","max-video-preview":"max-video-preview:-1"},"canonical":"https:\/\/fleurdesucre.com.br\/wp2021\/mapa\/","og_locale":"pt_BR","og_type":"article","og_title":"Mapa do site - Fleur De Sucre - Navegue por nosso site","og_description":"Mapa do site Fleur de Sucre, aqui voc\u00ea encontra todas as p\u00e1ginas navegav\u00e9is de nosso site. Entre na sua p\u00e1gina de prefer\u00eancia e seja bem vindo a Fleur.","og_url":"https:\/\/fleurdesucre.com.br\/wp2021\/mapa\/","og_site_name":"Fleur De Sucre","article_modified_time":"2019-05-13T15:20:02+00:00","twitter_card":"summary_large_image","schema":{"@context":"https:\/\/schema.org","@graph":[{"@type":"WebPage","@id":"https:\/\/fleurdesucre.com.br\/wp2021\/mapa\/","url":"https:\/\/fleurdesucre.com.br\/wp2021\/mapa\/","name":"Mapa do site - Fleur De Sucre - Navegue por nosso site","isPartOf":{"@id":"https:\/\/fleurdesucre.com.br\/wp2021\/#website"},"datePublished":"2019-04-17T19:02:49+00:00","dateModified":"2019-05-13T15:20:02+00:00","description":"Mapa do site Fleur de Sucre, aqui voc\u00ea encontra todas as p\u00e1ginas navegav\u00e9is de nosso site. Entre na sua p\u00e1gina de prefer\u00eancia e seja bem vindo a Fleur.","breadcrumb":{"@id":"https:\/\/fleurdesucre.com.br\/wp2021\/mapa\/#breadcrumb"},"inLanguage":"pt-BR","potentialAction":[{"@type":"ReadAction","target":["https:\/\/fleurdesucre.com.br\/wp2021\/mapa\/"]}]},{"@type":"BreadcrumbList","@id":"https:\/\/fleurdesucre.com.br\/wp2021\/mapa\/#breadcrumb","itemListElement":[{"@type":"ListItem","position":1,"name":"In\u00edcio","item":"https:\/\/fleurdesucre.com.br\/wp2021\/"},{"@type":"ListItem","position":2,"name":"Mapa do site"}]},{"@type":"WebSite","@id":"https:\/\/fleurdesucre.com.br\/wp2021\/#website","url":"https:\/\/fleurdesucre.com.br\/wp2021\/","name":"Fleur De Sucre","description":"P\u00e2tisserie","publisher":{"@id":"https:\/\/fleurdesucre.com.br\/wp2021\/#organization"},"potentialAction":[{"@type":"SearchAction","target":{"@type":"EntryPoint","urlTemplate":"https:\/\/fleurdesucre.com.br\/wp2021\/?s={search_term_string}"},"query-input":{"@type":"PropertyValueSpecification","valueRequired":true,"valueName":"search_term_string"}}],"inLanguage":"pt-BR"},{"@type":"Organization","@id":"https:\/\/fleurdesucre.com.br\/wp2021\/#organization","name":"Fleur De Sucre","url":"https:\/\/fleurdesucre.com.br\/wp2021\/","logo":{"@type":"ImageObject","inLanguage":"pt-BR","@id":"https:\/\/fleurdesucre.com.br\/wp2021\/#\/schema\/logo\/image\/","url":"https:\/\/fleurdesucre.com.br\/wp2021\/wp-content\/uploads\/2021\/06\/cropped-Logo-footer.png","contentUrl":"https:\/\/fleurdesucre.com.br\/wp2021\/wp-content\/uploads\/2021\/06\/cropped-Logo-footer.png","width":287,"height":287,"caption":"Fleur De Sucre"},"image":{"@id":"https:\/\/fleurdesucre.com.br\/wp2021\/#\/schema\/logo\/image\/"}}]}},"_links":{"self":[{"href":"https:\/\/fleurdesucre.com.br\/wp2021\/wp-json\/wp\/v2\/pages\/1198","targetHints":{"allow":["GET"]}}],"collection":[{"href":"https:\/\/fleurdesucre.com.br\/wp2021\/wp-json\/wp\/v2\/pages"}],"about":[{"href":"https:\/\/fleurdesucre.com.br\/wp2021\/wp-json\/wp\/v2\/types\/page"}],"author":[{"embeddable":true,"href":"https:\/\/fleurdesucre.com.br\/wp2021\/wp-json\/wp\/v2\/users\/5"}],"replies":[{"embeddable":true,"href":"https:\/\/fleurdesucre.com.br\/wp2021\/wp-json\/wp\/v2\/comments?post=1198"}],"version-history":[{"count":4,"href":"https:\/\/fleurdesucre.com.br\/wp2021\/wp-json\/wp\/v2\/pages\/1198\/revisions"}],"predecessor-version":[{"id":1220,"href":"https:\/\/fleurdesucre.com.br\/wp2021\/wp-json\/wp\/v2\/pages\/1198\/revisions\/1220"}],"wp:attachment":[{"href":"https:\/\/fleurdesucre.com.br\/wp2021\/wp-json\/wp\/v2\/media?parent=1198"}],"curies":[{"name":"wp","href":"https:\/\/api.w.org\/{rel}","templated":true}]}}